{"id":82,"date":"2020-05-25T08:26:53","date_gmt":"2020-05-25T08:26:53","guid":{"rendered":"http:\/\/neu.buecher-machen.de\/?page_id=82"},"modified":"2020-05-26T08:46:53","modified_gmt":"2020-05-26T08:46:53","slug":"referenzen-3","status":"publish","type":"page","link":"https:\/\/buecher-machen.de\/?page_id=82","title":{"rendered":"Produktion: Referenzen"},"content":{"rendered":"\n<h6 class=\"has-text-color wp-block-heading\" style=\"color:#0071a1\"><span style=\"color:#2e8c96\" class=\"has-inline-color\">Bei folgenden B\u00fcchern habe ich Projektmanagement, Lektorat und Bildredaktion \u00fcbernommen:<\/span><\/h6>\n\n\n\n<p>Mein erstes Haustier. Ein Ratgeber f\u00fcr kleine Tierfreunde. F\u00fcnf B\u00e4nde: Hunde, Katzen, Streicheltiere, V\u00f6gel, Schildkr\u00f6ten und Reptilien. Lingen Verlag 2009<\/p>\n\n\n\n<p>Der kompakte Ratgeber. F\u00fcnf B\u00e4nde: Hunde, Katzen, Kleintiere, Zierv\u00f6gel, Zierfische.<br>Lingen Verlag 2006<\/p>\n\n\n\n<p>Das gro\u00dfe Tierlexikon. 2003<\/p>\n\n\n\n<h6 class=\"has-text-color wp-block-heading\" style=\"color:#2e8c96\">Folgende Titel habe ich komplett bis zur Druckvorstufe abgewickelt:<\/h6>\n\n\n\n<p>Unsere Th\u00fcringer Aufl\u00e4ufe und Rezepte f\u00fcr \u00dcberbackenes. Lico 2007<\/p>\n\n\n\n<p>Massage. Serges Medien 2000 (in 3 Sprachen)<\/p>\n\n\n\n<p>Aromatherapie. Serges Medien 2000 (in 3 Sprachen)<\/p>\n","protected":false},"excerpt":{"rendered":"<p>Bei folgenden B\u00fcchern habe ich Projektmanagement, Lektorat und Bildredaktion \u00fcbernommen: Mein erstes Haustier. Ein Ratgeber f\u00fcr kleine Tierfreunde. F\u00fcnf B\u00e4nde: Hunde, Katzen, Streicheltiere, V\u00f6gel, Schildkr\u00f6ten und Reptilien. Lingen Verlag 2009 Der kompakte Ratgeber. F\u00fcnf B\u00e4nde: Hunde, Katzen, Kleintiere, Zierv\u00f6gel, Zierfische.Lingen<\/p>\n","protected":false},"author":1,"featured_media":0,"parent":11,"menu_order":-1,"comment_status":"closed","ping_status":"closed","template":"","meta":{"footnotes":""},"class_list":["post-82","page","type-page","status-publish","hentry"],"_links":{"self":[{"href":"https:\/\/buecher-machen.de\/index.php?rest_route=\/wp\/v2\/pages\/82","targetHints":{"allow":["GET"]}}],"collection":[{"href":"https:\/\/buecher-machen.de\/index.php?rest_route=\/wp\/v2\/pages"}],"about":[{"href":"https:\/\/buecher-machen.de\/index.php?rest_route=\/wp\/v2\/types\/page"}],"author":[{"embeddable":true,"href":"https:\/\/buecher-machen.de\/index.php?rest_route=\/wp\/v2\/users\/1"}],"replies":[{"embeddable":true,"href":"https:\/\/buecher-machen.de\/index.php?rest_route=%2Fwp%2Fv2%2Fcomments&post=82"}],"version-history":[{"count":7,"href":"https:\/\/buecher-machen.de\/index.php?rest_route=\/wp\/v2\/pages\/82\/revisions"}],"predecessor-version":[{"id":134,"href":"https:\/\/buecher-machen.de\/index.php?rest_route=\/wp\/v2\/pages\/82\/revisions\/134"}],"up":[{"embeddable":true,"href":"https:\/\/buecher-machen.de\/index.php?rest_route=\/wp\/v2\/pages\/11"}],"wp:attachment":[{"href":"https:\/\/buecher-machen.de\/index.php?rest_route=%2Fwp%2Fv2%2Fmedia&parent=82"}],"curies":[{"name":"wp","href":"https:\/\/api.w.org\/{rel}","templated":true}]}}