{"id":63,"date":"2020-05-24T09:41:04","date_gmt":"2020-05-24T09:41:04","guid":{"rendered":"http:\/\/neu.buecher-machen.de\/?page_id=63"},"modified":"2026-01-07T16:59:56","modified_gmt":"2026-01-07T16:59:56","slug":"referenzen-2","status":"publish","type":"page","link":"https:\/\/buecher-machen.de\/?page_id=63","title":{"rendered":"Lektorat: Referenzen"},"content":{"rendered":"\n<p>Die folgenden B\u00fccher habe ich lektoriert:<\/p>\n\n\n\n<p><mark style=\"background-color:rgba(0, 0, 0, 0);color:#2e8c96\" class=\"has-inline-color\"><strong>Athena-Verlag:<\/strong><\/mark><br>Istv\u00e1n Tat\u00e1r: Mein 20. Jahrhundert \u2013 Leben und Gedanken eines ungarisch-j\u00fcdischen Intellektuellen. 2006<\/p>\n\n\n\n<p><strong><span style=\"color:#2e8c96\" class=\"has-inline-color\">Becker Joest Volk Verlag:<\/span><\/strong><\/p>\n\n\n\n<p>Udo B\u00f6hm, Irene Epple-Waigel: Vegetarisch oder vegan \u2013 aber richtig! Vorteile und Risiken. 2017<\/p>\n\n\n\n<p><strong><span style=\"color:#2e8c96\" class=\"has-inline-color\">Bertelsmann Lexikon Verlag:<\/span><\/strong><br>Geschichte der Medizin. 2000<br>Medica Gesundheitslexikon A\u2013Z. 2000<\/p>\n\n\n\n<p><strong><mark style=\"background-color:rgba(0, 0, 0, 0);color:#2e8c96\" class=\"has-inline-color\">Deutsche Verlagsanstalt:<\/mark><\/strong><br>Heike Arnold: Das Webworker-Handbuch. Wie man mehr vom Leben mit der Arbeit hat. 2001<\/p>\n\n\n\n<p><strong><mark style=\"background-color:rgba(0, 0, 0, 0);color:#2e8c96\" class=\"has-inline-color\">Goldmann Verlag:<\/mark><\/strong><br>Patricia Davis: Aromatherapie von A\u2013Z. 2002<\/p>\n\n\n\n<p>Osho: Meditationsf\u00fchrer. 2002<\/p>\n\n\n\n<p>Terah Kathry Collins: Feng Shui \u2013 Raum f\u00fcr Raum. 2001<\/p>\n\n\n\n<p>Scott Cunningham: Das gro\u00dfe Buch von Weihrauch, Aroma\u00f6len und magischen Rezepturen. 2001<\/p>\n\n\n\n<p>Sandra: Liebeszauber. Hexenrezepte f\u00fcr romantische Gef\u00fchle, Sex und erf\u00fcllte Liebe. 2002<\/p>\n\n\n\n<p>Robin Silverman: Die zehn Gaben. Erkenntnisse und Weisheit aus schmerzlicher Erfahrung. 2001<\/p>\n\n\n\n<p>Ptolemy Tompkins: Im Weisheitsbasar. Meine sehr pers\u00f6nliche Suche nach Erkenntnis. 2001<\/p>\n\n\n\n<p>Thomas Ashley-Farrand: Heilende Mantras.<br>Klang-Medizin f\u00fcr Pers\u00f6nlichkeitswachstum, Kreativit\u00e4t und Gesundheit. 2000<\/p>\n\n\n\n<p>Jack Canfield, Mark Victor Hansen: H\u00fchnersuppe f\u00fcr die Seele \u2013 f\u00fcr Tierfreunde. 2000<\/p>\n\n\n\n<p>Patrick Holford: Optimale Ern\u00e4hrung. 2000<\/p>\n\n\n\n<p>Rita J. McNamara: Heilung durch Energiearbeit.<br>Die erfolgreiche Anwendung von Akupressur, Hom\u00f6opathie, Aromatherapie und Chakrenharmonisierung. 2000<\/p>\n\n\n\n<p>Swami Rama: Leben mit den Meistern des Himalaya. 2000<\/p>\n\n\n\n<p>Swami Rama, Rudolph Ballentine, Alan Hymes: Die Wissenschaft vom Atem. Eine praktische Einf\u00fchrung. 2000<\/p>\n\n\n\n<p>Alan E. Baklayan: Parasiten \u2013 die verborgene Ursache vieler Erkrankungen. 1999<\/p>\n\n\n\n<p>Ran Knishinsky: Die Lehmkur. Den K\u00f6rper entschlacken und reinigen mit Heilerde. 1999<\/p>\n\n\n\n<p>Kala Kos, John Selby: Die Hunalehre. Der Schl\u00fcssel zum hawaiianischen Geheimwissen f\u00fcr Erfolg im Leben. 1999<\/p>\n\n\n\n<p>Gabriel Mojay: Aromatherapie f\u00fcr die Seele. Mit Aroma\u00f6len das emotionale und mentale Gleichgewicht wiederherstellen. 1999<\/p>\n\n\n\n<p><strong><mark style=\"background-color:rgba(0, 0, 0, 0);color:#2e8c96\" class=\"has-inline-color\">Gr\u00e4fe und Unzer Verlag:<\/mark><\/strong><br>Cordula Nussbaum: Die 1-Minuten-Strategie gegen mentale Ersch\u00f6pfung. 2025<\/p>\n\n\n\n<p>Dr. Pia Roser: Die neue Wissenschaft vom Sattsein. Wie Peptide Kopfhunger ausschalten und beim Abnehmen helfen. 2025<\/p>\n\n\n\n<p>Sue Fengler: Less Stress in your 30s. Wenn du dir mehr Zeit, Leichtigkeit und Energie w\u00fcnschst, lies dieses Buch. 2025<\/p>\n\n\n\n<p>Prof. Dr. Ingo Frob\u00f6se: Stoffwechsel-Reset. Das 8-Wochen-Programm. 2024<\/p>\n\n\n\n<p>Silke Plagge, Bea Beste: Eltern sein ohne Schuldgef\u00fchle. Gemeinsam gelassen durch den Familienalltag. 2024<\/p>\n\n\n\n<p>Prof. Dr. Angela Rel\u00f3gio: Die Chrono-Strategie. Ges\u00fcnder, fitter, j\u00fcnger \u2013 im Takt mit der inneren Uhr. 2024<\/p>\n\n\n\n<p>Lisa Irani, Anna Eckert: Immun gegen toxische Menschen. Psychologische Tools f\u00fcr den Umgang mit Narzissten und anderen Leuten, die dir nicht guttun. 2024<\/p>\n\n\n\n<p>Dr. med. Vitor Gatinho: Wenn die Laus juckt und der Zahn wackelt. Kindermedizin von 4 bis 12 Jahren jetzt verst\u00e4ndlich. 2024<\/p>\n\n\n\n<p>Cordula Nussbaum: Kopf voll, Hirn leer. Konzentriert und leistungsf\u00e4hig bleiben trotz permanenter Reiz\u00fcberflutung.2023<\/p>\n\n\n\n<p>Sandra Teml, Martin Wall: Ent-Eltert euch! Wie wir die emotionale Abh\u00e4ngigkeit von unserer Eltern \u00fcberwinden und endlich uns selbst leben. 2023<\/p>\n\n\n\n<p>Debra Bardowicks, Katharina Jakob: Gef\u00e4hrte Hund. Faszinierende Einblicke in die Mensch-Hund-Beziehung aus der ganzen Welt. 2022<\/p>\n\n\n\n<p>Dr. med. Vitor Gatinho: Wenn der Rotz l\u00e4uft und der Pups dr\u00fcckt. Kindermedizin jetzt verst\u00e4ndlich. 2022<\/p>\n\n\n\n<p>Kurt und Reiner Mosetter, Sabine Kubesch, Ilona Daiker: Das \u00fcberforderte Kind. 2022<\/p>\n\n\n\n<p>Detlef Soost: Be your best. Dein starker K\u00f6rper, dein klarer Kopf, dein Hammerleben. 2018<\/p>\n\n\n\n<p>Haylie Pomroy: The Burn. Verbrenne deine Fettpolster. 2016<\/p>\n\n\n\n<p>Barbara Berckhan: Wahre St\u00e4rke muss nicht k\u00e4mpfen: \u00dcberraschend einfache Wege f\u00fcr mehr Kraft und Souver\u00e4nit\u00e4t. 2015<\/p>\n\n\n\n<p>Deepak Chopra: Wonach wir wirklich hungern: Mit der Chopra Methode Erf\u00fcllung finden<br>und dauerhaft abnehmen. 2014<\/p>\n\n\n\n<p>Marion Grillparzer: Fatburner: So einfach schmilzt das Fett weg. 2014<\/p>\n\n\n\n<p>Dr. Susanne Hofmeister:&nbsp;Wo stehe ich und wo geht\u2019s jetzt hin? Wie Sie den roten Faden im Leben finden. 2014<\/p>\n\n\n\n<p>Lauterbach, Heiner und Viktoria:&nbsp;Forever fit. 2014<\/p>\n\n\n\n<p>Werner Tiki K\u00fcstenmacher: Eine Handvoll Gl\u00fcck. 50 einfache Rituale,<br>die das Leben erleichtern. 2013<\/p>\n\n\n\n<p>Kerstin Linnartz: All about Yoga. 2013<\/p>\n\n\n\n<p>Lothar Seiwert: Lass los und du bist Meister deiner Zeit. 2013<\/p>\n\n\n\n<p>Sophie Strodtbeck, Uwe Borchert: Hilfe, mein Hund ist in der Pubert\u00e4t!<br>Entspannt durch wilde Zeiten. 2013<\/p>\n\n\n\n<p>Barbara Berckhan: Wie Sie anderen den Stachel ziehen, ohne sich selbst zu stechen. 2012<\/p>\n\n\n\n<p>Burkhard Hickisch, Christian Guth: Gr\u00fcne Smoothies. 2012<\/p>\n\n\n\n<p>Werner Tiki K\u00fcstenmacher: Du hast es in der Hand. 2012<\/p>\n\n\n\n<p>Kurt Mosetter, Anna Cavelius, Detlef Pape: Die 4 Kr\u00e4fte der Selbstheilung. 2012<\/p>\n\n\n\n<p>Katharina Schlegl-Kofler: Labrador Retriever. 2012<\/p>\n\n\n\n<p>Friedrich Bohlmann: Gesunde Ern\u00e4hrung f\u00fcr Vielbesch\u00e4ftigte. 2011<\/p>\n\n\n\n<p>Sabine Bohlmann: Die Familienschatzkiste: Br\u00e4uche, Rituale, Spiele &amp; Rezepte rund ums Jahr. 2011<\/p>\n\n\n\n<p>Reingard Gschaider: Charisma: Wie Sie mit mehr Ausdruck Eindruck machen. Der kleine Coach. 2011<\/p>\n\n\n\n<p>Ilona Daiker: Gelassen wie ein Buddha. Meditationen und Achtsamkeits\u00fcbungen f\u00fcr 52 Wochen. 2009<\/p>\n\n\n\n<p>Elisabeth Lange, Elmar Trunz-Carlisi: Schlankmacher. 2009<\/p>\n\n\n\n<p>Elmar Trunz-Carlisi, Elisabeth Lange: Straffe Formen. 2009<\/p>\n\n\n\n<p>Dr. med. Eva-Maria Kraske: S\u00e4ure-Basen-Balance f\u00fcr K\u00f6rper &amp; Seele. 2006<\/p>\n\n\n\n<p><strong><span style=\"color:#2e8c96\" class=\"has-inline-color\">Greven Verlag K\u00f6ln:<\/span><\/strong><br>Clemens von Looz-Corswarem, Benedikt Mauer (Hg): Das gro\u00dfe D\u00fcsseldorf-Lexikon. 2012<\/p>\n\n\n\n<p><strong><span style=\"color:#2e8c96\" class=\"has-inline-color\">Grundlagen und Praxis:&nbsp;<\/span><\/strong><br>J\u00fcrgen Beushausen: Essst\u00f6rungen und multiple S\u00fcchte. Gesundheit und Krankheit in der Familie \u2013 ein systemtheoretischer Zugang. 2004<\/p>\n\n\n\n<p><strong><span style=\"color:#2e8c96\" class=\"has-inline-color\">Hans-Nietsch-Verlag:<\/span>&nbsp;<\/strong><br>Karyn Calabrese: Innere Reinigung. 2012<\/p>\n\n\n\n<p>Christian Opitz: Befreite Atmung. 2012<\/p>\n\n\n\n<p><strong><span style=\"color:#2e8c96\" class=\"has-inline-color\">humboldt:<\/span><\/strong><\/p>\n\n\n\n<p>Pepe Peschel: Meine innere Uhr. Arbeits- und Biorhythmus endlich in Einklang bringen. 2021<\/p>\n\n\n\n<p>Stefanie Arlt:<strong>&nbsp;<\/strong>111 Basen-Rezepte f\u00fcr Genie\u00dfer: Mit Basenfasten \u00fcbersch\u00fcssige S\u00e4uren abbauen, Vitalit\u00e4t steigern, das Abnehmen unterst\u00fctzen. 2020<\/p>\n\n\n\n<p>Christian Koch: Schluss mit Z\u00e4hneknirschen. Bruxismus \u00fcberwinden. 2020<\/p>\n\n\n\n<p>Dr. Ramon Martinez: Das Cholesterin-Buch. So senke ich meine Blutfettwerte. Neueste Therapien \u2013 gesicherte Ma\u00dfnahmen. 2019<\/p>\n\n\n\n<p>Felix S\u00f6ller: R\u00fccken ohne Schmerz. Die besten Tipps zur schnellen Selbsthilfe. 2019<\/p>\n\n\n\n<p>Sven Bachs Jobfood. Schlank und gesund im Arbeitsalltag. 2018<\/p>\n\n\n\n<p>Christiane Wei\u00dfenberger: Das gro\u00dfe Kochbuch f\u00fcr Magen und Darm. Die Verdauung entlasten \u2013 Beschwerden lindern. 2018<\/p>\n\n\n\n<p>Axel Kranz: Ich coache mein Unterbewusstsein. Ungeliebte Verhaltensmuster und \u00c4ngste Schritt f\u00fcr Schritt \u00fcberwinden. 2018<\/p>\n\n\n\n<p>Ivan Blatter: Arbeite kl\u00fcger \u2013 nicht h\u00e4rter! So holen Sie das Beste aus Ihrer Zeit, ohne sich auszubeuten. 2017<\/p>\n\n\n\n<p>Silke Nuthmann: Small Talk f\u00fcr Introvertierte. 2017<\/p>\n\n\n\n<p>Miriam Schaufler: Gesundheitsratgeber Sodbrennen. 2017<\/p>\n\n\n\n<p>Christiane Wei\u00dfenberger: Das gro\u00dfe Schonkost-Kochbuch. 2017<\/p>\n\n\n\n<p><strong><span style=\"color:#2e8c96\" class=\"has-inline-color\">Irisiana Verlag:<\/span><\/strong><br>Cloudy Zakrocki: You Manifest You. Wie du selbstbestimmt und authentisch dein bestes Leben manifestierst. 2025<\/p>\n\n\n\n<p>Shauna Shapiro: Gl\u00fcckstraining f\u00fcrs Gehirn. Wie Selbstmitgef\u00fchl und Achtsamkeit Ihr Leben transformieren. 2021<\/p>\n\n\n\n<p>Kirsten Hanser: Neustart mit Astrologie. Astrocoaching f\u00fcr die Pers\u00f6nlichkeit. 2020<\/p>\n\n\n\n<p>Elena Brower: Entdecke dich. Das Achtsamkeits-Journal. 2018<\/p>\n\n\n\n<p>Kirsten Hanser: Kosmos und K\u00f6rper. Astromedizin \u2013 das Praxisbuch. 2018<\/p>\n\n\n\n<p>Deepak Chopra, Menas Kafatos: Du bist das Universum. Entdecke dein kosmisches Selbst. 2018<\/p>\n\n\n\n<p>Christine Ranzinger: Sanftes Yoga. Mit Achtsamkeit k\u00f6rperlich und geistig beweglich bleiben. 2017<\/p>\n\n\n\n<p>K\u00fcstenmacher, Marion: Wo die Seele Atem holt. 2014<\/p>\n\n\n\n<p>Seethaler, Susanne: Buddha f\u00fcr die Handtasche: Buch plus 64 Karten. 2014<\/p>\n\n\n\n<p><strong><span style=\"color:#2e8c96\" class=\"has-inline-color\">Koenemann Verlag:<\/span><\/strong><br>Paul Harcourt Davies: Reisef\u00fchrer Zypern. 1998<\/p>\n\n\n\n<p>Bill u. Andrea Revilio: Reisef\u00fchrer Namibia. 1998<\/p>\n\n\n\n<p>Charmaine Solomon: Reis &amp; Nudeln. 1998<\/p>\n\n\n\n<p>Charmaine Solomon: Vegetarisch Kochen. 1998<\/p>\n\n\n\n<p><mark style=\"background-color:rgba(0, 0, 0, 0);color:#2e8c96\" class=\"has-inline-color\"><strong>Komet Verlag<\/strong>:<\/mark><br>Jerry Hopkins: Strange Food. Skurrile Spezialit\u00e4ten. Insekten, Quallen und andere K\u00f6stlichkeiten. 2001<\/p>\n\n\n\n<p><strong><span style=\"color:#2e8c96\" class=\"has-inline-color\">Koval Verlag:<\/span><\/strong><br>Reisef\u00fchrer Wien. 1999<\/p>\n\n\n\n<p><strong><span style=\"color:#2e8c96\" class=\"has-inline-color\">Lingen Verlag:<\/span><\/strong><br>Mein erstes Haustier. Ein Ratgeber f\u00fcr kleine Tierfreunde. Vier B\u00e4nde: Katzen, V\u00f6gel, Schildkr\u00f6ten und Reptilien. 2009<\/p>\n\n\n\n<p>Der kompakte Ratgeber. Vier B\u00e4nde: Hunde, Katzen, Zierv\u00f6gel, Zierfische. 2006<\/p>\n\n\n\n<p>Pferde. Mit der M\u00e4hne im Wind. 2005<\/p>\n\n\n\n<p>Kochen mit Lust und Laune. 2004<\/p>\n\n\n\n<p>Das gro\u00dfe Tierlexikon. 2003<\/p>\n\n\n\n<p><mark style=\"background-color:rgba(0, 0, 0, 0);color:#2e8c96\" class=\"has-inline-color\"><strong>Midena Verlag<\/strong>:<\/mark><br>Pamela Peeke: Fettfalle 40. Warum Di\u00e4ten ab 40 ins Leere laufen. Wie Sie die Fetthormone stoppen. 2001<\/p>\n\n\n\n<p>Elmar Trunz, Michael Hamm: Style your body. K\u00f6rper in Bestform mit dem Balancemodell. 2001<\/p>\n\n\n\n<p><strong><span style=\"color:#2e8c96\" class=\"has-inline-color\">mvg Verlag:<\/span><\/strong><\/p>\n\n\n\n<p>Leve, Jonas, Ronnefeldt, Manuel (7Mind): Von Null auf Omm. Achtsamkeits\u00fcbungen f\u00fcr weniger Stress und mehr Gelassenheit. 2018<\/p>\n\n\n\n<p><mark style=\"background-color:rgba(0, 0, 0, 0);color:#2e8c96\" class=\"has-inline-color\"><strong>Schirner Verlag<\/strong>:<\/mark><br>Meister Hsing Yun: Buddha \u2013 der Lotus im Flu\u00df.<br>Eine Einf\u00fchrung in die Grundlagen des Buddhismus. 2000<\/p>\n\n\n\n<p><strong><span style=\"color:#2e8c96\" class=\"has-inline-color\">Serges Medien:<\/span><\/strong><br>Kalender 1999\/2000\/2001\/2002<\/p>\n\n\n\n<p><strong><mark style=\"background-color:rgba(0, 0, 0, 0);color:#2e8c96\" class=\"has-inline-color\">S\u00fcdwest Verlag:<\/mark><\/strong><\/p>\n\n\n\n<p>Dr. Alexa Iwan, Prof. Dr. Ingo Frob\u00f6se: Neustart Wechseljahre. Wie Sie jetzt zur Form Ihres Lebens finden. 2023<\/p>\n\n\n\n<p>Prof. Dr. Michaela Axt-Gadermann, Stefanie Burmeister: Goodbye Cellulite. Das Erfolgsprogramm f\u00fcr straffes Bindegewebe. 2019<\/p>\n\n\n\n<p>Charlotte Sch\u00fcler: Einfach plastikfrei leben. Schritt f\u00fcr Schritt zu einem nachhaltigen Alltag. 2019<\/p>\n\n\n\n<p>Claudia Lenz: Autoimmun-Ern\u00e4hrung. Entz\u00fcndliche Prozesse im K\u00f6rper dauerhaft stoppen. 2017<\/p>\n\n\n\n<p><strong><mark style=\"background-color:rgba(0, 0, 0, 0);color:#2e8c96\" class=\"has-inline-color\">Ulmer Verlag:<\/mark><\/strong><\/p>\n\n\n\n<p>Dr. Markus Keller, Annette Sabersky: \u00d6fter mal die Sau raus lassen! Wie wir mit pflanzenbasierter Ern\u00e4hrung ganz entspannt ges\u00fcnder leben und das Klima retten<\/p>\n\n\n\n<p><strong><mark style=\"background-color:rgba(0, 0, 0, 0);color:#2e8c96\" class=\"has-inline-color\">wissen.de:<\/mark><\/strong><br>Online-Redaktion der medizinischen Texte<\/p>\n","protected":false},"excerpt":{"rendered":"<p>Die folgenden B\u00fccher habe ich lektoriert: Athena-Verlag:Istv\u00e1n Tat\u00e1r: Mein 20. Jahrhundert \u2013 Leben und Gedanken eines ungarisch-j\u00fcdischen Intellektuellen. 2006 Becker Joest Volk Verlag: Udo B\u00f6hm, Irene Epple-Waigel: Vegetarisch oder vegan \u2013 aber richtig! Vorteile und Risiken. 2017 Bertelsmann Lexikon Verlag:Geschichte<\/p>\n","protected":false},"author":1,"featured_media":0,"parent":10,"menu_order":0,"comment_status":"closed","ping_status":"closed","template":"","meta":{"footnotes":""},"class_list":["post-63","page","type-page","status-publish","hentry"],"_links":{"self":[{"href":"https:\/\/buecher-machen.de\/index.php?rest_route=\/wp\/v2\/pages\/63","targetHints":{"allow":["GET"]}}],"collection":[{"href":"https:\/\/buecher-machen.de\/index.php?rest_route=\/wp\/v2\/pages"}],"about":[{"href":"https:\/\/buecher-machen.de\/index.php?rest_route=\/wp\/v2\/types\/page"}],"author":[{"embeddable":true,"href":"https:\/\/buecher-machen.de\/index.php?rest_route=\/wp\/v2\/users\/1"}],"replies":[{"embeddable":true,"href":"https:\/\/buecher-machen.de\/index.php?rest_route=%2Fwp%2Fv2%2Fcomments&post=63"}],"version-history":[{"count":22,"href":"https:\/\/buecher-machen.de\/index.php?rest_route=\/wp\/v2\/pages\/63\/revisions"}],"predecessor-version":[{"id":199,"href":"https:\/\/buecher-machen.de\/index.php?rest_route=\/wp\/v2\/pages\/63\/revisions\/199"}],"up":[{"embeddable":true,"href":"https:\/\/buecher-machen.de\/index.php?rest_route=\/wp\/v2\/pages\/10"}],"wp:attachment":[{"href":"https:\/\/buecher-machen.de\/index.php?rest_route=%2Fwp%2Fv2%2Fmedia&parent=63"}],"curies":[{"name":"wp","href":"https:\/\/api.w.org\/{rel}","templated":true}]}}