{"id":59,"date":"2020-05-24T09:13:44","date_gmt":"2020-05-24T09:13:44","guid":{"rendered":"http:\/\/neu.buecher-machen.de\/?page_id=59"},"modified":"2026-01-07T17:11:03","modified_gmt":"2026-01-07T17:11:03","slug":"referenzen","status":"publish","type":"page","link":"https:\/\/buecher-machen.de\/?page_id=59","title":{"rendered":"Text: Referenzen"},"content":{"rendered":"\n<p><\/p>\n\n\n\n<p style=\"color:#2e8c96\" class=\"has-text-color has-medium-font-size\"><p style=\"color:#2e8c96\">Meine Ver\u00f6ffentlichungen gemeinsam mit anderen Autoren:<\/p><\/p>\n\n\n\n<p><\/p>\n\n\n\n<p><strong>Zusammen mit Prof. Dr. Ingo Frob\u00f6se:<\/strong><br>Die Stimme unseres K\u00f6rpers: Wie wir sie besser wahrnehmen und verstehen, um unsere Gesundheit zu sch\u00fctzen.  Ullstein 2026<\/p>\n\n\n\n<p>Das 5&#215;5-Prinzip. Mit starken Muskeln l\u00e4nger und ges\u00fcnder leben. F\u00fcr alle ab 55. Gr\u00e4fe und Unzer 2025<\/p>\n\n\n\n<p>R\u00fccken Express f\u00fcr Vielsitzer. Soforthilfe f\u00fcr Nacken, Schultern und unteren R\u00fccken. Gr\u00e4fe und Unzer 2025<\/p>\n\n\n\n<p>Energize your Life. Mehr Energie mit dem Powermix aus Ern\u00e4hrung, Bewegung, Entspannung und Schlaf. ZS Verlag 2025<\/p>\n\n\n\n<p>9 Regeln f\u00fcr eine Muskulatur, die gesund macht. Vital und schlank in wenigen Schritten. Ullstein 2024<\/p>\n\n\n\n<p>Muskeln \u2013 die Gesundmacher. So bleiben wir fit, schlank und mental in Balance. Ullstein 2023 (Spiegel-Bestseller)<\/p>\n\n\n\n<p>9 Regeln f\u00fcr einen optimalen Stoffwechsel. fit, schlank und gesund in wenigen Schritten. Ullstein 2022 (Spiegel-Bestseller)<\/p>\n\n\n\n<p>Der Stoffwechselkompass. Was uns in der zweiten Lebensh\u00e4lfte fit, schlank und wach h\u00e4lt. Ullstein 2022 (Spiegel-Bestseller)<\/p>\n\n\n\n<p>Die Gesundheitsformel der 100-J\u00e4hrigen. 7 Schl\u00fcssel f\u00fcr ein langes Leben. ZS Verlag 2020<\/p>\n\n\n\n<p>Das neue Psoas-Training. Schmerzfrei, leistungsf\u00e4hig und beweglich. Die besten \u00dcbungen f\u00fcr den gro\u00dfen Lendenmuskel. S\u00fcdwest 2017, 2. Auflage 2018<\/p>\n\n\n\n<p>Volkslaufbuch.&nbsp;Ges\u00fcnder, schlanker, besser drauf. F\u00fcr Einsteiger und Freizeitl\u00e4ufer. S\u00fcdwest 2016<\/p>\n\n\n\n<p>R\u00fcckenfit. Ein monatlich erscheinender Newsletter rund um den R\u00fccken. FID-Verlag 2014\/2015<\/p>\n\n\n\n<p><\/p>\n\n\n\n<p><strong>Zusammen mit Dr. Mohsen Radjai:<\/strong><br>Medizin ohne Schnickschnack. Alles, was wirklich hilft, aus meiner Hausarztpraxis. Gr\u00e4fe und Unzer 2021<\/p>\n\n\n\n<p><\/p>\n\n\n\n<p><strong>Zusammen mit Sukadev Bretz:<\/strong><br>Der K\u00f6nigsweg zur Gelassenheit. Yoga-Psychologie f\u00fcr jeden Tag. Kailash 2013 (als Taschenbuch bei Goldmann 2018)<\/p>\n\n\n\n<p style=\"color:#2e8c96\" class=\"has-text-color has-medium-font-size\"><p style=\"color:#2e8c96\">Meine Ver\u00f6ffentlichungen als Autorin:<\/p><\/p>\n\n\n\n<p>Hunde. Ein Ratgeber f\u00fcr kleine Tierfreunde. Haltung, Pflege und Ern\u00e4hrung. 2009<\/p>\n\n\n\n<p>Kleintiere. Der kompakte Ratgeber. Lingen 2006<\/p>\n\n\n\n<p>1000 Pferde, Naumann &amp; G\u00f6bel 2005<\/p>\n\n\n\n<p>1000 Kirchen und Kl\u00f6ster, Naumann &amp; G\u00f6bel 2004<\/p>\n\n\n\n<p>1000 Tierbabys, Naumann &amp; G\u00f6bel 2004<\/p>\n\n\n\n<p>Praxiswissen Gesundheit, Bertelsmann Lexikothek 2004<\/p>\n\n\n\n<p>Kirchen und Kl\u00f6ster in Europa. Dumont monte 2004<\/p>\n\n\n\n<p>Burgen und Schl\u00f6sser in Europa. Dumont monte 2002<\/p>\n\n\n\n<p>Weimar entdecken. Europas Kulturstadt 1999, H+L 1999<\/p>\n\n\n\n<p>Die heilende Kraft der Bach-Bl\u00fcten, Falken 1999<\/p>\n\n\n\n<p>Mit Apfelessig toll in Form. Die besten Gesundheitstipps, Bassermann 1999<\/p>\n\n\n\n<p>Gutes und Bew\u00e4hrtes aus der Hausapotheke, Bassermann 1999<\/p>\n\n\n\n<p>Die besten Gesundheitstipps mit Apfelessig, Bassermann 1999<\/p>\n\n\n\n<p>Der Apfel. Ein bew\u00e4hrtes Hausmittel neu entdeckt, Trias 1998<\/p>\n\n\n\n<p>Das gro\u00dfe Buch der Bach-Bl\u00fcten, Bassermann 1997<\/p>\n\n\n\n<p><\/p>\n\n\n\n<p style=\"color:#2e8c96\" class=\"has-text-color has-normal-font-size\"><p style=\"color:#2e8c96\">\u2022 au\u00dferdem Beitr\u00e4ge in:<\/p><\/p>\n\n\n\n<p>Zeitschrift \u201ereformleben\u201c: regelm\u00e4\u00dfige Beitr\u00e4ge, vor allem zum Themenbereich Fitness<\/p>\n\n\n\n<p>Verlagsratgeber Lektorat: Basiswissen und Strategietipps. S. 95\u2013116. Input-Verlag 2009<\/p>\n\n\n\n<p>Brockhaus-Kalender Gesundheit und Ern\u00e4hrung 2008 und 2009. Der Kalenderverlag<\/p>\n\n\n\n<p>Eisklassiker \u2013 alles selbst gemacht. Lingen 2008<\/p>\n\n\n\n<p>Genie\u00dfer-Eis \u2013 Rezeptideen bei Diabetes und Laktose-Intoleranz. Lingen 2008<\/p>\n\n\n\n<p>Eiskalte Erfrischungen \u2013 Smoothies, Sorbets, Shakes und mehr. Lingen 2008<\/p>\n\n\n\n<p>Verlagsmagazin: Mehr Effektivit\u00e4t durch bewusste Strukturierung der Lektoratsarbeit. Input-Verlag 2008. S. 11\u201322<\/p>\n\n\n\n<p>Bertelsmann Lexikothek Faszination Natur. Wissen Media Verlag 2006<\/p>\n\n\n\n<p>Bertelsmann Lexikothek Praxiswissen Gesundheit. Wissen Media Verlag 2004<\/p>\n\n\n\n<p>Bertelsmann Lexikodisc: Personen der Weltgeschichte 2001<\/p>\n\n\n\n<p>Beauty &amp; Wellness in: Der gro\u00dfe Bertelsmann Restaurant &amp; Hotel Guide 2001<\/p>\n\n\n\n<p>100 kleine Ostereier. Tolle Geschenkideen. Weltbild 1999<\/p>\n\n\n\n<p>Das 20. Jahrhundert. Illustrierter R\u00fcckblick auf 100 Jahre Weltgeschehen. H+L 1999<\/p>\n\n\n\n<p>Freizeitatlas Deutschland. ADAC 1998<\/p>\n\n\n\n<p><\/p>\n\n\n\n<p style=\"color:#2e8c96\" class=\"has-text-color has-normal-font-size\"><p style=\"color:#2e8c96\">Als Ghostwriterin habe ich mitgearbeitet an folgenden B\u00fcchern von Prof. Dr. Ingo Frob\u00f6se:<\/p><\/p>\n\n\n\n<p>(Er ist der Einzige, der dazu steht: ein gro\u00dfes Danke daf\u00fcr!)<\/p>\n\n\n\n<p>Die Formel Frob\u00f6se. Der Wegweiser f\u00fcr ein vitales und gesundes Leben. S\u00fcdwest 2020<\/p>\n\n\n\n<p>Raus aus der Tablettenfalle. Das Erfolgsprogramm f\u00fcr ein Leben ohne Pillen &amp; Co. Gr\u00e4fe und Unzer 2019<\/p>\n\n\n\n<p>Die Beauty-Fitness-Formel. Tag f\u00fcr Tag besser aussehen mit dem Stoffwechsel-Programm. ZS Verlag 2018<\/p>\n\n\n\n<p>Leistung messen &amp; steigern: Die besten Methoden aus dem Profisport \u2013 f\u00fcr Ausdauer- und Krafttraining. Gr\u00e4fe und Unzer 2018<\/p>\n\n\n\n<p>Power durch Pause. Stress stoppen, richtig abschalten, kraftvoll neu starten. Gr\u00e4fe und Unzer 2016<\/p>\n\n\n\n<p>Das Fitness-Minimalprogramm: Kleiner Aufwand \u2013 gro\u00dfe Wirkung. Gr\u00e4fe und Unzer 2015<\/p>\n\n\n\n<p>Das Muskel-Workout: \u00dcber 100 hocheffiziente \u00dcbungen ohne Ger\u00e4te. Gr\u00e4fe und Unzer 2014<\/p>\n\n\n\n<p>Das Turbo-Stoffwechsel-Prinzip. So stellen Sie den K\u00f6rper dauerhaft auf \u201eschlank\u201c um. Gr\u00e4fe und Unzer 2014 (Spiegel-Bestseller)<\/p>\n\n\n\n<p>R\u00fccken-Akut-Training. Mit Bewegung zu einem schmerzfreien Alltag. Mit DVD.<br>Gr\u00e4fe und Unzer 2013 (Text und DVD-Skript)<\/p>\n\n\n\n<p>Das Anti-JoJo-Prinzip. Einmal abnehmen f\u00fcr immer. Gr\u00e4fe und Unzer 2011<\/p>\n\n\n\n<p>Das R\u00fccken-Akut-Training. So werden Sie schnell schmerzfrei. Gr\u00e4fe und Unzer 2010<\/p>\n\n\n\n<p>Versteckte Krankheiten. Wie Sie sie stoppen, bevor sie ausbrechen. Gr\u00e4fe und Unzer 2008<\/p>\n","protected":false},"excerpt":{"rendered":"<p>Meine Ver\u00f6ffentlichungen gemeinsam mit anderen Autoren: Zusammen mit Prof. Dr. Ingo Frob\u00f6se:Die Stimme unseres K\u00f6rpers: Wie wir sie besser wahrnehmen und verstehen, um unsere Gesundheit zu sch\u00fctzen. Ullstein 2026 Das 5&#215;5-Prinzip. Mit starken Muskeln l\u00e4nger und ges\u00fcnder leben. F\u00fcr alle<\/p>\n","protected":false},"author":1,"featured_media":0,"parent":9,"menu_order":-1,"comment_status":"closed","ping_status":"closed","template":"","meta":{"footnotes":""},"class_list":["post-59","page","type-page","status-publish","hentry"],"_links":{"self":[{"href":"https:\/\/buecher-machen.de\/index.php?rest_route=\/wp\/v2\/pages\/59","targetHints":{"allow":["GET"]}}],"collection":[{"href":"https:\/\/buecher-machen.de\/index.php?rest_route=\/wp\/v2\/pages"}],"about":[{"href":"https:\/\/buecher-machen.de\/index.php?rest_route=\/wp\/v2\/types\/page"}],"author":[{"embeddable":true,"href":"https:\/\/buecher-machen.de\/index.php?rest_route=\/wp\/v2\/users\/1"}],"replies":[{"embeddable":true,"href":"https:\/\/buecher-machen.de\/index.php?rest_route=%2Fwp%2Fv2%2Fcomments&post=59"}],"version-history":[{"count":21,"href":"https:\/\/buecher-machen.de\/index.php?rest_route=\/wp\/v2\/pages\/59\/revisions"}],"predecessor-version":[{"id":204,"href":"https:\/\/buecher-machen.de\/index.php?rest_route=\/wp\/v2\/pages\/59\/revisions\/204"}],"up":[{"embeddable":true,"href":"https:\/\/buecher-machen.de\/index.php?rest_route=\/wp\/v2\/pages\/9"}],"wp:attachment":[{"href":"https:\/\/buecher-machen.de\/index.php?rest_route=%2Fwp%2Fv2%2Fmedia&parent=59"}],"curies":[{"name":"wp","href":"https:\/\/api.w.org\/{rel}","templated":true}]}}