{"id":2,"date":"2016-05-10T03:48:21","date_gmt":"2016-05-10T03:48:21","guid":{"rendered":"http:\/\/neu.buecher-machen.de\/?page_id=2"},"modified":"2023-04-08T07:40:04","modified_gmt":"2023-04-08T07:40:04","slug":"sample-page","status":"publish","type":"page","link":"https:\/\/buecher-machen.de\/","title":{"rendered":"Sample Page"},"content":{"rendered":"<p>Egal ob Buch, Kalender, Katalog, Brosch\u00fcre oder Gesch\u00e4ftsbericht:<\/p>\n<p>G\u00f6nnen Sie sich hervorragende Qualit\u00e4t bei der Be- und Verarbeitung Ihrer Inhalte!<\/p>\n<p>Texte nach Ihren W\u00fcnschen, intensives Lektorat und eine hochwertige Produktion sorgen daf\u00fcr,<br \/>\ndass Ihre Inhalte ankommen \u2013 bei Lesern und Kunden.<\/p>\n<p>Selbstverst\u00e4ndlich zuverl\u00e4ssig und p\u00fcnktlich.<\/p>\n<p><img fetchpriority=\"high\" decoding=\"async\" class=\"alignnone size-medium wp-image-35\" src=\"http:\/\/neu.buecher-machen.de\/wp-content\/uploads\/2020\/05\/ulrike_schoeber_01-300x217.jpg\" alt=\"\" width=\"300\" height=\"217\" srcset=\"https:\/\/buecher-machen.de\/wp-content\/uploads\/2020\/05\/ulrike_schoeber_01-300x217.jpg 300w, https:\/\/buecher-machen.de\/wp-content\/uploads\/2020\/05\/ulrike_schoeber_01-768x554.jpg 768w, https:\/\/buecher-machen.de\/wp-content\/uploads\/2020\/05\/ulrike_schoeber_01.jpg 945w\" sizes=\"(max-width: 300px) 100vw, 300px\" \/><\/p>\n","protected":false},"excerpt":{"rendered":"<p>Egal ob Buch, Kalender, Katalog, Brosch\u00fcre oder Gesch\u00e4ftsbericht: G\u00f6nnen Sie sich hervorragende Qualit\u00e4t bei der Be- und Verarbeitung Ihrer Inhalte! Texte nach Ihren W\u00fcnschen, intensives Lektorat und eine hochwertige Produktion sorgen daf\u00fcr, dass Ihre Inhalte ankommen \u2013 bei Lesern und<\/p>\n","protected":false},"author":1,"featured_media":0,"parent":0,"menu_order":0,"comment_status":"closed","ping_status":"open","template":"","meta":{"footnotes":""},"class_list":["post-2","page","type-page","status-publish","hentry"],"_links":{"self":[{"href":"https:\/\/buecher-machen.de\/index.php?rest_route=\/wp\/v2\/pages\/2","targetHints":{"allow":["GET"]}}],"collection":[{"href":"https:\/\/buecher-machen.de\/index.php?rest_route=\/wp\/v2\/pages"}],"about":[{"href":"https:\/\/buecher-machen.de\/index.php?rest_route=\/wp\/v2\/types\/page"}],"author":[{"embeddable":true,"href":"https:\/\/buecher-machen.de\/index.php?rest_route=\/wp\/v2\/users\/1"}],"replies":[{"embeddable":true,"href":"https:\/\/buecher-machen.de\/index.php?rest_route=%2Fwp%2Fv2%2Fcomments&post=2"}],"version-history":[{"count":6,"href":"https:\/\/buecher-machen.de\/index.php?rest_route=\/wp\/v2\/pages\/2\/revisions"}],"predecessor-version":[{"id":110,"href":"https:\/\/buecher-machen.de\/index.php?rest_route=\/wp\/v2\/pages\/2\/revisions\/110"}],"wp:attachment":[{"href":"https:\/\/buecher-machen.de\/index.php?rest_route=%2Fwp%2Fv2%2Fmedia&parent=2"}],"curies":[{"name":"wp","href":"https:\/\/api.w.org\/{rel}","templated":true}]}}