{"id":13,"date":"2020-05-22T09:37:00","date_gmt":"2020-05-22T09:37:00","guid":{"rendered":"http:\/\/neu.buecher-machen.de\/?page_id=13"},"modified":"2020-05-25T10:32:50","modified_gmt":"2020-05-25T10:32:50","slug":"kontakt","status":"publish","type":"page","link":"https:\/\/buecher-machen.de\/?page_id=13","title":{"rendered":"Kontakt"},"content":{"rendered":"\n<figure class=\"wp-block-image size-large is-resized\"><img fetchpriority=\"high\" decoding=\"async\" src=\"http:\/\/neu.buecher-machen.de\/wp-content\/uploads\/2020\/05\/ulrike_schoeber_02.jpg\" alt=\"\" class=\"wp-image-34\" width=\"325\" height=\"216\" srcset=\"https:\/\/buecher-machen.de\/wp-content\/uploads\/2020\/05\/ulrike_schoeber_02.jpg 945w, https:\/\/buecher-machen.de\/wp-content\/uploads\/2020\/05\/ulrike_schoeber_02-300x200.jpg 300w, https:\/\/buecher-machen.de\/wp-content\/uploads\/2020\/05\/ulrike_schoeber_02-768x512.jpg 768w\" sizes=\"(max-width: 325px) 100vw, 325px\" \/><\/figure>\n\n\n\n<p>So k\u00f6nnen Sie mich erreichen:<\/p>\n\n\n\n<p>Ulrike Sch\u00f6ber<br>In den Ostg\u00e4rten 3a<br>44319 Dortmund<\/p>\n\n\n\n<p>E-Mail: ulrike.schoeber@t-online.de<\/p>\n\n\n\n<p>Tel.: 0231\/95 98 81 70<br>Fax:&nbsp;0231\/95 98 81 71<\/p>\n","protected":false},"excerpt":{"rendered":"<p>So k\u00f6nnen Sie mich erreichen: Ulrike Sch\u00f6berIn den Ostg\u00e4rten 3a44319 Dortmund E-Mail: ulrike.schoeber@t-online.de Tel.: 0231\/95 98 81 70Fax:&nbsp;0231\/95 98 81 71<\/p>\n","protected":false},"author":1,"featured_media":0,"parent":0,"menu_order":0,"comment_status":"closed","ping_status":"closed","template":"","meta":{"footnotes":""},"class_list":["post-13","page","type-page","status-publish","hentry"],"_links":{"self":[{"href":"https:\/\/buecher-machen.de\/index.php?rest_route=\/wp\/v2\/pages\/13","targetHints":{"allow":["GET"]}}],"collection":[{"href":"https:\/\/buecher-machen.de\/index.php?rest_route=\/wp\/v2\/pages"}],"about":[{"href":"https:\/\/buecher-machen.de\/index.php?rest_route=\/wp\/v2\/types\/page"}],"author":[{"embeddable":true,"href":"https:\/\/buecher-machen.de\/index.php?rest_route=\/wp\/v2\/users\/1"}],"replies":[{"embeddable":true,"href":"https:\/\/buecher-machen.de\/index.php?rest_route=%2Fwp%2Fv2%2Fcomments&post=13"}],"version-history":[{"count":4,"href":"https:\/\/buecher-machen.de\/index.php?rest_route=\/wp\/v2\/pages\/13\/revisions"}],"predecessor-version":[{"id":130,"href":"https:\/\/buecher-machen.de\/index.php?rest_route=\/wp\/v2\/pages\/13\/revisions\/130"}],"wp:attachment":[{"href":"https:\/\/buecher-machen.de\/index.php?rest_route=%2Fwp%2Fv2%2Fmedia&parent=13"}],"curies":[{"name":"wp","href":"https:\/\/api.w.org\/{rel}","templated":true}]}}