{"id":12,"date":"2020-05-22T09:36:59","date_gmt":"2020-05-22T09:36:59","guid":{"rendered":"http:\/\/neu.buecher-machen.de\/?page_id=12"},"modified":"2020-05-25T10:13:27","modified_gmt":"2020-05-25T10:13:27","slug":"profil","status":"publish","type":"page","link":"https:\/\/buecher-machen.de\/?page_id=12","title":{"rendered":"Profil"},"content":{"rendered":"\n<figure class=\"wp-block-image size-large is-resized\"><img fetchpriority=\"high\" decoding=\"async\" src=\"http:\/\/neu.buecher-machen.de\/wp-content\/uploads\/2020\/05\/ulrike_schoeber_03.jpg\" alt=\"\" class=\"wp-image-36\" width=\"330\" height=\"238\" srcset=\"https:\/\/buecher-machen.de\/wp-content\/uploads\/2020\/05\/ulrike_schoeber_03.jpg 945w, https:\/\/buecher-machen.de\/wp-content\/uploads\/2020\/05\/ulrike_schoeber_03-300x217.jpg 300w, https:\/\/buecher-machen.de\/wp-content\/uploads\/2020\/05\/ulrike_schoeber_03-768x554.jpg 768w\" sizes=\"(max-width: 330px) 100vw, 330px\" \/><\/figure>\n\n\n\n<h3 class=\"wp-block-heading\"><strong><span style=\"color:#2e8c96\" class=\"has-inline-color\">Ulrike Sch\u00f6ber<\/span><\/strong><\/h3>\n\n\n\n<p><strong><span class=\"has-inline-color has-very-dark-gray-color\">Selbstst\u00e4ndig als Autorin, Ghostwriterin, Lektorin, Bildredakteurin und Projektmanagerin sowie Buch-Producerin seit 1997&nbsp;<\/span><\/strong><\/p>\n\n\n\n<p><\/p>\n\n\n\n<p><strong><span style=\"color:#2e8c96\" class=\"has-inline-color\">1996\u20131997<\/span>&nbsp;<\/strong><br>Cheflektorin beim Artcolor Verlag, Hamm<br>Betreuung des gesamten Programms aus Bildb\u00e4nden, Postkarten- und Posterb\u00fcchern<\/p>\n\n\n\n<p><strong><span style=\"color:#2e8c96\" class=\"has-inline-color\">1989\u20131995<\/span><\/strong><br>Redakteurin im Harenberg Verlag<br>Arbeit an Lexika und Nachschlagewerken, Kalendern, Reisef\u00fchrern, Bibliophilen Taschenb\u00fcchern, \u201ebuch aktuell\u201c<\/p>\n\n\n\n<p><strong><span style=\"color:#2e8c96\" class=\"has-inline-color\">1987\u20131989&nbsp;<\/span><\/strong><br>Volontariat im Harenberg Verlag, Dortmund<\/p>\n\n\n\n<p><strong><span style=\"color:#0071a1\" class=\"has-inline-color\"><a href=\"#2e8c96\">1986<\/a><\/span><\/strong><br>Erstes Staatsexamen in Deutsch und Sozialkunde f\u00fcr Sekundarstufe I\/II an der Westf\u00e4lischen Wilhelms-Universit\u00e4t M\u00fcnster<\/p>\n\n\n\n<p><\/p>\n\n\n\n<p><strong><span style=\"color:#2e8c96\" class=\"has-inline-color\">Spezialwissen:<\/span><\/strong><br>Hunde, Hundeausbildung, Pferde, Reiten, Pilates, Chakrenarbeit<\/p>\n","protected":false},"excerpt":{"rendered":"<p>Ulrike Sch\u00f6ber Selbstst\u00e4ndig als Autorin, Ghostwriterin, Lektorin, Bildredakteurin und Projektmanagerin sowie Buch-Producerin seit 1997&nbsp; 1996\u20131997&nbsp;Cheflektorin beim Artcolor Verlag, HammBetreuung des gesamten Programms aus Bildb\u00e4nden, Postkarten- und Posterb\u00fcchern 1989\u20131995Redakteurin im Harenberg VerlagArbeit an Lexika und Nachschlagewerken, Kalendern, Reisef\u00fchrern, Bibliophilen Taschenb\u00fcchern, \u201ebuch<\/p>\n","protected":false},"author":1,"featured_media":0,"parent":0,"menu_order":0,"comment_status":"closed","ping_status":"closed","template":"","meta":{"footnotes":""},"class_list":["post-12","page","type-page","status-publish","hentry"],"_links":{"self":[{"href":"https:\/\/buecher-machen.de\/index.php?rest_route=\/wp\/v2\/pages\/12","targetHints":{"allow":["GET"]}}],"collection":[{"href":"https:\/\/buecher-machen.de\/index.php?rest_route=\/wp\/v2\/pages"}],"about":[{"href":"https:\/\/buecher-machen.de\/index.php?rest_route=\/wp\/v2\/types\/page"}],"author":[{"embeddable":true,"href":"https:\/\/buecher-machen.de\/index.php?rest_route=\/wp\/v2\/users\/1"}],"replies":[{"embeddable":true,"href":"https:\/\/buecher-machen.de\/index.php?rest_route=%2Fwp%2Fv2%2Fcomments&post=12"}],"version-history":[{"count":8,"href":"https:\/\/buecher-machen.de\/index.php?rest_route=\/wp\/v2\/pages\/12\/revisions"}],"predecessor-version":[{"id":122,"href":"https:\/\/buecher-machen.de\/index.php?rest_route=\/wp\/v2\/pages\/12\/revisions\/122"}],"wp:attachment":[{"href":"https:\/\/buecher-machen.de\/index.php?rest_route=%2Fwp%2Fv2%2Fmedia&parent=12"}],"curies":[{"name":"wp","href":"https:\/\/api.w.org\/{rel}","templated":true}]}}