{"id":11,"date":"2020-05-22T09:36:59","date_gmt":"2020-05-22T09:36:59","guid":{"rendered":"http:\/\/neu.buecher-machen.de\/?page_id=11"},"modified":"2020-05-25T08:30:58","modified_gmt":"2020-05-25T08:30:58","slug":"produktion","status":"publish","type":"page","link":"https:\/\/buecher-machen.de\/?page_id=11","title":{"rendered":"Produktion"},"content":{"rendered":"\n<p>Zeit ist Geld und Sie k\u00f6nnen Ihre Zeit f\u00fcr andere wichtige Angelegenheiten nutzen, wenn Sie die Produktion Ihrer B\u00fccher komplett an mich abgeben.<br>Das Komplettproducing umfasst \u2013 ganz nach Ihren Vorstellungen \u2013 alle oder nur einige Stufen der Buchproduktion:<\/p>\n\n\n\n<ul class=\"wp-block-list\"><li>von der Ausarbeitung Ihrer Idee&nbsp;<\/li><li>zu einem tragf\u00e4higen Konzept&nbsp;<\/li><li>\u00fcber das Projektmanagement,&nbsp;<\/li><li>das Verfassen der Texte,&nbsp;<\/li><li>die Bildrecherche,&nbsp;<\/li><li>das Layout und&nbsp;<\/li><li>den Satz bis hin zu&nbsp;<\/li><li>den druckf\u00e4higen PDF-Dateien.<\/li><\/ul>\n\n\n\n<p>Je nach Notwendigkeit und Umfang des Projekts greife ich dabei auf ein Netzwerk spezialisierter Kolleginnen und Kollegen zur\u00fcck.<\/p>\n","protected":false},"excerpt":{"rendered":"<p>Zeit ist Geld und Sie k\u00f6nnen Ihre Zeit f\u00fcr andere wichtige Angelegenheiten nutzen, wenn Sie die Produktion Ihrer B\u00fccher komplett an mich abgeben.Das Komplettproducing umfasst \u2013 ganz nach Ihren Vorstellungen \u2013 alle oder nur einige Stufen der Buchproduktion: von der<\/p>\n","protected":false},"author":1,"featured_media":0,"parent":0,"menu_order":0,"comment_status":"closed","ping_status":"closed","template":"","meta":{"footnotes":""},"class_list":["post-11","page","type-page","status-publish","hentry"],"_links":{"self":[{"href":"https:\/\/buecher-machen.de\/index.php?rest_route=\/wp\/v2\/pages\/11","targetHints":{"allow":["GET"]}}],"collection":[{"href":"https:\/\/buecher-machen.de\/index.php?rest_route=\/wp\/v2\/pages"}],"about":[{"href":"https:\/\/buecher-machen.de\/index.php?rest_route=\/wp\/v2\/types\/page"}],"author":[{"embeddable":true,"href":"https:\/\/buecher-machen.de\/index.php?rest_route=\/wp\/v2\/users\/1"}],"replies":[{"embeddable":true,"href":"https:\/\/buecher-machen.de\/index.php?rest_route=%2Fwp%2Fv2%2Fcomments&post=11"}],"version-history":[{"count":3,"href":"https:\/\/buecher-machen.de\/index.php?rest_route=\/wp\/v2\/pages\/11\/revisions"}],"predecessor-version":[{"id":77,"href":"https:\/\/buecher-machen.de\/index.php?rest_route=\/wp\/v2\/pages\/11\/revisions\/77"}],"wp:attachment":[{"href":"https:\/\/buecher-machen.de\/index.php?rest_route=%2Fwp%2Fv2%2Fmedia&parent=11"}],"curies":[{"name":"wp","href":"https:\/\/api.w.org\/{rel}","templated":true}]}}