{"id":10,"date":"2020-05-22T09:36:59","date_gmt":"2020-05-22T09:36:59","guid":{"rendered":"http:\/\/neu.buecher-machen.de\/?page_id=10"},"modified":"2020-05-26T09:58:52","modified_gmt":"2020-05-26T09:58:52","slug":"lektorat","status":"publish","type":"page","link":"https:\/\/buecher-machen.de\/?page_id=10","title":{"rendered":"Lektorat"},"content":{"rendered":"\n<p>Sie verlegen B\u00fccher, ver\u00f6ffentlichen Gesch\u00e4ftsberichte und Brosch\u00fcren oder stellen Texte ins Internet?<\/p>\n\n\n\n<p>Dann sollten Sie sich beim Lektorat Ihrer Texte nicht nur auf Ihr Sprachgef\u00fchl verlassen, sondern auf fundierte Lektoratserfahrung. Denn selbst den besten Autoren fehlt oft die Distanz zum eigenen Werk. <\/p>\n\n\n\n<p>Ein gutes Lektorat pr\u00fcft sachliche Richtigkeit, inhaltliche Struktur und korrigiert stilistische Ausrutscher, ohne den individuellen Stil des Autors zu ver\u00e4ndern. Es gew\u00e4hrleistet, dass Ihre Inhalte zielgruppengerecht, pr\u00e4zise und unmissverst\u00e4ndlich bei Ihren Lesern ankommen.<\/p>\n\n\n\n<p>   <\/p>\n\n\n\n<p><\/p>\n\n\n\n<p><\/p>\n\n\n\n<h6 class=\"wp-block-heading\"><span style=\"color:#2e8c96\" class=\"has-inline-color\">Was ist der Unterschied zwischen Lektorat und Korrektorat?<\/span><\/h6>\n\n\n\n<p>Beim Lektorat stehen Inhalt, Gliederung und Sprachstil im Mittelpunkt und die Korrektur von Fehlern l\u00e4uft nur \u201enebenher\u201c \u2013 soweit sie bei der Arbeit auffallen. <\/p>\n\n\n\n<p>Dagegen konzentriert und beschr\u00e4nkt sich das Korrektorat auf die Pr\u00fcfung von Rechtschreibung,&nbsp;Grammatik und Zeichensetzung. Durch diesen anderen Blickwinkel werden Fehler gefunden, die beim Schreiben und Lektorieren nicht auffielen. <\/p>\n\n\n\n<p>Deshalb profitiert jeder Text von einem Extra-Korrekturgang vor dem Druck. Auch diese Leistung erbringe ich selbstverst\u00e4ndlich gerne f\u00fcr Sie.<\/p>\n\n\n\n<p><\/p>\n\n\n\n<p><\/p>\n","protected":false},"excerpt":{"rendered":"<p>Sie verlegen B\u00fccher, ver\u00f6ffentlichen Gesch\u00e4ftsberichte und Brosch\u00fcren oder stellen Texte ins Internet? Dann sollten Sie sich beim Lektorat Ihrer Texte nicht nur auf Ihr Sprachgef\u00fchl verlassen, sondern auf fundierte Lektoratserfahrung. Denn selbst den besten Autoren fehlt oft die Distanz zum<\/p>\n","protected":false},"author":1,"featured_media":0,"parent":0,"menu_order":-1,"comment_status":"closed","ping_status":"closed","template":"","meta":{"footnotes":""},"class_list":["post-10","page","type-page","status-publish","hentry"],"_links":{"self":[{"href":"https:\/\/buecher-machen.de\/index.php?rest_route=\/wp\/v2\/pages\/10","targetHints":{"allow":["GET"]}}],"collection":[{"href":"https:\/\/buecher-machen.de\/index.php?rest_route=\/wp\/v2\/pages"}],"about":[{"href":"https:\/\/buecher-machen.de\/index.php?rest_route=\/wp\/v2\/types\/page"}],"author":[{"embeddable":true,"href":"https:\/\/buecher-machen.de\/index.php?rest_route=\/wp\/v2\/users\/1"}],"replies":[{"embeddable":true,"href":"https:\/\/buecher-machen.de\/index.php?rest_route=%2Fwp%2Fv2%2Fcomments&post=10"}],"version-history":[{"count":6,"href":"https:\/\/buecher-machen.de\/index.php?rest_route=\/wp\/v2\/pages\/10\/revisions"}],"predecessor-version":[{"id":145,"href":"https:\/\/buecher-machen.de\/index.php?rest_route=\/wp\/v2\/pages\/10\/revisions\/145"}],"wp:attachment":[{"href":"https:\/\/buecher-machen.de\/index.php?rest_route=%2Fwp%2Fv2%2Fmedia&parent=10"}],"curies":[{"name":"wp","href":"https:\/\/api.w.org\/{rel}","templated":true}]}}